{"id":1486,"date":"2017-02-01T21:10:06","date_gmt":"2017-02-01T21:10:06","guid":{"rendered":"http:\/\/www.panaderiaalqueza.com\/?page_id=1486\/"},"modified":"2017-02-01T21:10:06","modified_gmt":"2017-02-01T21:10:06","slug":"politica-de-cookies","status":"publish","type":"page","link":"https:\/\/www.panaderiaalqueza.com\/es\/politica-de-cookies\/","title":{"rendered":"Pol\u00edtica de cookies"},"content":{"rendered":"<div class=\"wpb-content-wrapper\"><p>[vc_row css_animation=\u00bb\u00bb row_type=\u00bbrow\u00bb use_row_as_full_screen_section=\u00bbno\u00bb type=\u00bbfull_width\u00bb angled_section=\u00bbno\u00bb text_align=\u00bbleft\u00bb background_image_as_pattern=\u00bbwithout_pattern\u00bb][vc_column][vc_column_text]<\/p>\n<h1>Pol\u00edtica de cookies<\/h1>\n<p>[\/vc_column_text][vc_empty_space][vc_column_text]Nuestro sitio web\u00a0<a href=\"http:\/\/www.panaderiaalqueza.com\/\">http:\/\/www.panaderiaalqueza.com<\/a>\u00a0utiliza una tecnolog\u00eda llamada \u00abcookie\u00bb, con el fin de poder obtener informaci\u00f3n sobre el uso del mismo, mejorar la experiencia del usuario y garantizar su correcto funcionamiento.<\/p>\n<p>&nbsp;<\/p>\n<p><strong>Definici\u00f3n de Cookie<\/strong><\/p>\n<p>Una \u00abcookie\u00bb es un peque\u00f1o fragmento de texto que los sitios web env\u00edan al navegador y que se almacenan en el terminal del usuario, (ordenador o dispositivo m\u00f3vil). Estos archivos tienen la finalidad de almacenar datos que podr\u00e1n ser actualizados y recuperadas por la entidad responsable de su instalaci\u00f3n. As\u00ed, cada vez que el usuario vuelve a visitar el mismo sitio web, el explorador recupera el archivo y lo env\u00eda al servidor del sitio web. Las cookies tienen varias funciones entre las que se incluyen, la de recoger informaci\u00f3n sobre las preferencias del usuario y recordarla, y en general, facilitar el uso del sitio web al usuario haciendo que el sitio sea m\u00e1s \u00fatil al personalizar su contenido.<\/p>\n<p>Las cookies se pueden clasificar en base a diferentes par\u00e1metros:<\/p>\n<p><strong>1.\u00a0<\/strong><strong>&#8211; Titularidad:\u00a0<\/strong><u>cookies propias y cookies de terceros<\/u>: dependiendo de cu\u00e1l sea la entidad que gestione el dominio desde donde se env\u00edan las cookies y se traten los datos que se obtengan.<\/p>\n<p><strong>2. &#8211; Duraci\u00f3n:\u00a0<\/strong><u>cookies de sesi\u00f3n y cookies persistentes<\/u>: de acuerdo con el plazo de tiempo que permanecen almacenadas en el terminal del usuario.<\/p>\n<p><strong>3. &#8211; Finalidad<u>:\u00a0<\/u><\/strong><u>cookies t\u00e9cnicas, cookies de personalizaci\u00f3n, cookies de an\u00e1lisis, cookies publicitarias, cookies de publicidad comportamental<\/u>: de acuerdo con la finalidad para la que se traten los datos obtenidos.<\/p>\n<ul type=\"square\">\n<li><u>Cookies t\u00e9cnicas<\/u>: Son aquellas que permiten al usuario la navegaci\u00f3n a trav\u00e9s de la p\u00e1gina web o aplicaci\u00f3n y la utilizaci\u00f3n de las diferentes opciones o servicios que en ella existen. Por ejemplo, controlar el tr\u00e1fico y la comunicaci\u00f3n de datos, identificar la sesi\u00f3n o acceder a las partes web de acceso restringido.<\/li>\n<li><u>Cookies de personalizaci\u00f3n<\/u>: Son aquellas que permiten al usuario acceder al servicio con algunas caracter\u00edsticas de car\u00e1cter general predefinidas en su terminal o que el propio usuario defina. Por ejemplo, el idioma, el tipo de navegador a trav\u00e9s del cual accede al servicio o el dise\u00f1o de contenidos seleccionado.<\/li>\n<li><u>Cookies de an\u00e1lisis<\/u>: Son aquellas que o bien tratadas por nosotros o por terceros, nos permiten cuantificar el n\u00famero de usuarios y as\u00ed realizar el an\u00e1lisis estad\u00edstico de la utilizaci\u00f3n que hacen los usuarios del servicio ofrecido. Para ello se analiza su navegaci\u00f3n en nuestra p\u00e1gina web para mejorar la oferta de productos o servicios que le ofrecemos.<\/li>\n<li><u>Cookies publicitarias<\/u>: Son aquellas que permiten la gesti\u00f3n, de la forma m\u00e1s eficaz posible, los espacios publicitarios que, en su caso, el editor haya incluido en una p\u00e1gina web , aplicaci\u00f3n o plataforma desde la que presta el servicio solicitado sobre la base de criterios como el contenido editado o la frecuencia en a que se muestran los anuncios.<\/li>\n<li><u>Cookies de publicidad comportamental<\/u>: Son aquellas que permiten la gesti\u00f3n, de la manera m\u00e1s eficaz posible, los espacios publicitarios que, en su caso, el editor haya incluido en una p\u00e1gina web, aplicaci\u00f3n o plataforma desde la que presta el servicio solicitado. Estas cookies almacenan informaci\u00f3n del comportamiento de los usuarios obtenida a trav\u00e9s de la observaci\u00f3n continuada de sus h\u00e1bitos de navegaci\u00f3n, lo que permite desarrollar un perfil espec\u00edfico para mostrar publicidad en funci\u00f3n del mismo.<\/li>\n<\/ul>\n<p><strong>\u00a0<\/strong><\/p>\n<p><strong>Cookies utilizadas en nuestro sitio web<\/strong><br \/>\nNuestro sitio web utiliza tanto cookies propias, que son las enviadas a su ordenador y gestionadas exclusivamente por nosotros para el mejor funcionamiento del sitio web, como cookies de terceros, con la funci\u00f3n de servirnos como herramienta de an\u00e1lisis de la interacci\u00f3n los usuarios con nuestra web, gracias a ellas obtenemos una informaci\u00f3n que puede ayudar a mejorar la navegaci\u00f3n y dar un mejor servicio a los usuarios y clientes.<\/p>\n<p>Nuestro sitio web utiliza tanto cookies temporales de sesi\u00f3n, como cookies persistentes. Las cookies de sesi\u00f3n almacenan datos \u00fanicamente mientras el usuario accede a la web y las cookies persistentes almacenan los datos en el terminal para que sean accedidas y utilizadas en m\u00e1s de una sesi\u00f3n.<\/p>\n<p>Concretamente las\u00a0<strong>COOKIES<\/strong>\u00a0que usamos en nuestro sitio web son:<\/p>\n<p><strong>Cookies de terceros:<\/strong><\/p>\n<table border=\"0\" width=\"539\" cellspacing=\"0\" cellpadding=\"0\">\n<tbody>\n<tr>\n<td valign=\"top\" width=\"149\"><strong>Nombre<\/strong><\/td>\n<td valign=\"top\" width=\"106\">\n<p align=\"center\"><strong>Titular<\/strong><\/p>\n<\/td>\n<td colspan=\"2\" valign=\"top\" width=\"188\">\n<p align=\"center\"><strong>Finalidad<\/strong><\/p>\n<\/td>\n<td valign=\"top\" width=\"95\">\n<p align=\"center\"><strong>Duraci\u00f3n<\/strong><\/p>\n<\/td>\n<\/tr>\n<tr>\n<td width=\"149\">\n<p align=\"center\">__utmz<\/p>\n<\/td>\n<td width=\"106\">\n<p align=\"center\">Google Inc.<\/p>\n<\/td>\n<td width=\"184\">\n<p align=\"center\">Almacena el origen del tr\u00e1fico a esta web.<\/p>\n<\/td>\n<td colspan=\"2\" width=\"100\">\n<p align=\"center\">persistente<\/p>\n<\/td>\n<\/tr>\n<tr>\n<td width=\"149\">\n<p align=\"center\">__utmc<\/p>\n<\/td>\n<td width=\"106\">\n<p align=\"center\">Google Inc.<\/p>\n<\/td>\n<td width=\"184\">\n<p align=\"center\">Determina el lugar en el que el usuario accede a cada sesi\u00f3n o visita.<\/p>\n<\/td>\n<td colspan=\"2\" width=\"100\">\n<p align=\"center\">sesi\u00f3n<\/p>\n<\/td>\n<\/tr>\n<tr>\n<td width=\"149\">\n<p align=\"center\">__utma<\/p>\n<\/td>\n<td width=\"106\">\n<p align=\"center\">Google Inc.<\/p>\n<\/td>\n<td width=\"184\">\n<p align=\"center\">Distingue entre usuarios y sesiones.<\/p>\n<\/td>\n<td colspan=\"2\" width=\"100\">\n<p align=\"center\">persistente<\/p>\n<\/td>\n<\/tr>\n<tr>\n<td width=\"149\">\n<p align=\"center\">__utmb<\/p>\n<\/td>\n<td width=\"106\">\n<p align=\"center\">Google Inc.<\/p>\n<\/td>\n<td width=\"184\">\n<p align=\"center\">Determina nuevas sesiones y visitas.<\/p>\n<\/td>\n<td colspan=\"2\" width=\"100\">\n<p align=\"center\">persistente<\/p>\n<\/td>\n<\/tr>\n<\/tbody>\n<\/table>\n<p>Las cookies \u00ab__utmz\u00bb, \u00ab__utmc\u00bb, \u00ab__utma\u00bb y \u00ab__utmb\u201c, son las que utiliza Google Analytics para recopilar informaci\u00f3n de forma an\u00f3nima y elaborar informes de tendencias del sitio web sin identificar usuarios individuales. A continuaci\u00f3n incluimos un enlace al sitio web de Google donde puede consultar la descripci\u00f3n del tipo de cookies que utiliza Google Analitycs:\u00a0<u><a href=\"https:\/\/developers.google.com\/analytics\/devguides\/collection\/analyticsjs\/cookie-usage?hl=es%20\">https:\/\/developers.google.com\/analytics\/devguides\/collection\/analyticsjs\/cookie-usage?hl=es\u00a0<\/a><\/u><br \/>\nEl usuario puede desactivar las cookies an\u00f3nimas de Google Analytics para evitar que el sitio web env\u00ede informaci\u00f3n de sus visitas a Google Analytics. Para obtener m\u00e1s informaci\u00f3n, visite:\u00a0<u><a href=\"http:\/\/www.google.com\/analytics\/learn\/privacy.html\">http:\/\/www.google.com\/analytics\/learn\/privacy.html<\/a><\/u>. Tambi\u00e9n puede instalar en los navegadores un complemento que ha desarrollado Google para inhabilitar el env\u00edo de datos a Google Analytics. El complemento se puede descargar en:\u00a0<a href=\"https:\/\/tools.google.com\/dlpage\/gaoptout?hl=es\">https:\/\/tools.google.com\/dlpage\/gaoptout?hl=es<\/a><u><\/u><\/p>\n<p><strong>Consentimiento<\/strong><br \/>\nAl navegar y continuar en nuestro sitio web el usuario estar\u00e1 consintiendo el uso de las cookies antes enunciadas, por los plazos se\u00f1alados y en las condiciones contenidas en la presente Pol\u00edtica de Cookies<\/p>\n<p><strong>Retirada del consentimiento<\/strong><br \/>\nEl usuario podr\u00e1 retirar en cualquier momento su consentimiento relacionado con esta Pol\u00edtica de Cookies, por eso tendr\u00e1 que eliminar las cookies almacenadas en su equipo utilizando los ajustes y configuraciones de su navegador de Internet.<\/p>\n<p>&nbsp;<\/p>\n<p><strong>Modificaci\u00f3n de la configuraci\u00f3n de las cookies<\/strong><br \/>\nEl usuario puede restringir, bloquear o borrar las cookies de cualquier sitio web, utilizando su navegador. En cada navegador la operativa es diferente, por lo que puede consultar los siguientes enlaces la forma de hacerlo:<\/p>\n<ul type=\"square\">\n<li><strong>Internet Explorer:\u00a0<\/strong><a href=\"http:\/\/windows.microsoft.com\/es-xl\/internet-explorer\/delete-manage-cookies#ie=ie-10\">windows.microsoft.com\/es-xl\/internet-explorer\/delete-manage-cookies#ie=\u00bbie-10&#8243;<\/a><\/li>\n<li><strong>FireFox:\u00a0<\/strong><a href=\"https:\/\/support.mozilla.org\/es\/kb\/Borrar%20cookies\">support.mozilla.org\/es\/kb\/Borrar%20cookies<\/a><\/li>\n<li><strong>Chrome:\u00a0<\/strong><a href=\"https:\/\/support.google.com\/chrome\/answer\/95647?hl=es\">support.google.com\/chrome\/answer\/95647?hl=\u00bbes\u00bb<\/a><\/li>\n<li><strong>Safari:<\/strong>\u00a0<a href=\"http:\/\/www.apple.com\/es\/privacy\/use-of-cookies\/\">www.apple.com\/es\/privacy\/use-of-cookies\/<\/a><\/li>\n<\/ul>\n<p>Para obtener m\u00e1s informaci\u00f3n sobre la eliminaci\u00f3n, deshabilitaci\u00f3n o bloqueo de las cookies tambi\u00e9n puede visitar:<br \/>\n<u>\u00a0http:\/\/www.aboutcookies.org\/Default.aspx?page=2\u00a0<\/u><\/p>\n<p>&nbsp;<\/p>\n<p><strong>Actualizaci\u00f3n de la pol\u00edtica de cookies<\/strong><br \/>\nEste sitio web puede modificar esta Pol\u00edtica de Cookies, por ello le recomendamos revisar esta pol\u00edtica cada vez que acceda a nuestro sitio web para estar adecuadamente informado sobre el uso que hacemos de las cookies.<\/p>\n<p>Fecha de la \u00faltima actualizaci\u00f3n: 4 de diciembre de 2013[\/vc_column_text][vc_separator type=\u00bbnormal\u00bb][vc_empty_space][\/vc_column][\/vc_row]<\/p>\n<\/div>","protected":false},"excerpt":{"rendered":"<p>[vc_row css_animation=\u00bb\u00bb row_type=\u00bbrow\u00bb use_row_as_full_screen_section=\u00bbno\u00bb type=\u00bbfull_width\u00bb angled_section=\u00bbno\u00bb text_align=\u00bbleft\u00bb background_image_as_pattern=\u00bbwithout_pattern\u00bb][vc_column][vc_column_text] Pol\u00edtica de cookies [\/vc_column_text][vc_empty_space][vc_column_text]Nuestro sitio web\u00a0http:\/\/www.panaderiaalqueza.com\u00a0utiliza una tecnolog\u00eda llamada \u00abcookie\u00bb, con el fin de poder obtener informaci\u00f3n sobre el uso del mismo, mejorar la experiencia del usuario y garantizar su correcto funcionamiento. &nbsp; Definici\u00f3n de Cookie Una&#8230;<\/p>\n","protected":false},"author":1,"featured_media":0,"parent":0,"menu_order":0,"comment_status":"closed","ping_status":"closed","template":"","meta":{"footnotes":""},"class_list":["post-1486","page","type-page","status-publish","hentry"],"_links":{"self":[{"href":"https:\/\/www.panaderiaalqueza.com\/es\/wp-json\/wp\/v2\/pages\/1486","targetHints":{"allow":["GET"]}}],"collection":[{"href":"https:\/\/www.panaderiaalqueza.com\/es\/wp-json\/wp\/v2\/pages"}],"about":[{"href":"https:\/\/www.panaderiaalqueza.com\/es\/wp-json\/wp\/v2\/types\/page"}],"author":[{"embeddable":true,"href":"https:\/\/www.panaderiaalqueza.com\/es\/wp-json\/wp\/v2\/users\/1"}],"replies":[{"embeddable":true,"href":"https:\/\/www.panaderiaalqueza.com\/es\/wp-json\/wp\/v2\/comments?post=1486"}],"version-history":[{"count":1,"href":"https:\/\/www.panaderiaalqueza.com\/es\/wp-json\/wp\/v2\/pages\/1486\/revisions"}],"predecessor-version":[{"id":1487,"href":"https:\/\/www.panaderiaalqueza.com\/es\/wp-json\/wp\/v2\/pages\/1486\/revisions\/1487"}],"wp:attachment":[{"href":"https:\/\/www.panaderiaalqueza.com\/es\/wp-json\/wp\/v2\/media?parent=1486"}],"curies":[{"name":"wp","href":"https:\/\/api.w.org\/{rel}","templated":true}]}}