{"id":1313,"date":"2017-01-24T01:44:17","date_gmt":"2017-01-24T01:44:17","guid":{"rendered":"http:\/\/www.panaderiaalqueza.com\/?page_id=1313\/"},"modified":"2025-01-21T09:04:21","modified_gmt":"2025-01-21T09:04:21","slug":"catalogo-y-pedidos","status":"publish","type":"page","link":"https:\/\/www.panaderiaalqueza.com\/es\/catalogo-y-pedidos\/","title":{"rendered":"Cat\u00e1logo y pedidos"},"content":{"rendered":"<div class=\"wpb-content-wrapper\"><p>[vc_row css_animation=\u00bb\u00bb row_type=\u00bbrow\u00bb use_row_as_full_screen_section=\u00bbno\u00bb type=\u00bbgrid\u00bb angled_section=\u00bbno\u00bb text_align=\u00bbcenter\u00bb background_image_as_pattern=\u00bbwithout_pattern\u00bb padding_top=\u00bb40&#8243; padding_bottom=\u00bb30&#8243;][vc_column][vc_column_text]<\/p>\n<h2>DESCARGUEN\u00a0NUESTROS CAT\u00c1LOGOS<\/h2>\n<p>[\/vc_column_text][vc_separator type=\u00bbsmall\u00bb position=\u00bbcenter\u00bb][vc_separator type=\u00bbtransparent\u00bb up=\u00bb10&#8243; down=\u00bb10&#8243;][vc_row_inner row_type=\u00bbrow\u00bb type=\u00bbfull_width\u00bb text_align=\u00bbleft\u00bb css_animation=\u00bb\u00bb][vc_column_inner][qode_circles columns=\u00bbthree_columns\u00bb circle_line=\u00bbwith_line\u00bb][qode_circle type=\u00bbimage_type\u00bb link_target=\u00bb_blank\u00bb link=\u00bbhttp:\/\/www.panaderiaalqueza.com\/wp-content\/uploads\/2017\/02\/cataleg_fleca-2.pdf\u00bb title=\u00bbHorno de pan\u00bb text=\u00bbNuestro pan, pastas dulces, saladas y pica-pica\u00bb background_color=\u00bb#393a3a\u00bb border_color=\u00bb#8e7c56&#8243; border_width=\u00bb1&#8243; image=\u00bb1050&#8243;][qode_circle type=\u00bbimage_type\u00bb link_target=\u00bb_blank\u00bb link=\u00bbhttp:\/\/www.panaderiaalqueza.com\/wp-content\/uploads\/2017\/02\/cataleg_pastisseria-2.pdf\u00bb title=\u00bbPasteler\u00eda\u00bb text=\u00bbPasteles, \u00abpastissets\u00ab, \u00abcoquetes\u00ab, \u00abcocs\u00ab, tortas y bandas\u00bb background_color=\u00bb#393a3a\u00bb border_color=\u00bb#8e7c56&#8243; border_width=\u00bb1&#8243; image=\u00bb1052&#8243;][qode_circle type=\u00bbimage_type\u00bb link_target=\u00bb_blank\u00bb link=\u00bbhttps:\/\/www.panaderiaalqueza.com\/wp-content\/uploads\/2023\/12\/Carta-Nadal-23-A-comprimido.pdf\u00bb title=\u00bbMen\u00fa especial fiestas\u00bb text=\u00bbMen\u00fa especial para estas fiestas de Navidad\u00bb background_color=\u00bb#393a3a\u00bb border_color=\u00bb#8e7c56&#8243; border_width=\u00bb1&#8243; image=\u00bb1608&#8243;][\/qode_circles][\/vc_column_inner][\/vc_row_inner][vc_row_inner row_type=\u00bbrow\u00bb type=\u00bbfull_width\u00bb text_align=\u00bbleft\u00bb css_animation=\u00bb\u00bb][vc_column_inner][qode_circles columns=\u00bbthree_columns\u00bb circle_line=\u00bbwith_line\u00bb][qode_circle type=\u00bbimage_type\u00bb link_target=\u00bb_blank\u00bb link=\u00bbhttps:\/\/www.panaderiaalqueza.com\/wp-content\/uploads\/2022\/12\/menjar_per_emportar_2023-1.pdf\u00bb title=\u00bbComida para llevar\u00bb text=\u00bbDisfrute de nuestra comida preparada\u00bb background_color=\u00bb#393a3a\u00bb border_color=\u00bb#8e7c56&#8243; border_width=\u00bb1&#8243; image=\u00bb1051&#8243;][qode_circle type=\u00bbimage_type\u00bb link_target=\u00bb_blank\u00bb link=\u00bbhttp:\/\/www.panaderiaalqueza.com\/wp-content\/uploads\/2017\/02\/cataleg_xarcuteria-2.pdf\u00bb title=\u00bbProductos con D.O.\u00bb text=\u00bbJamones y charcuter\u00eda con denominaci\u00f3n de origen\u00bb background_color=\u00bb#393a3a\u00bb border_color=\u00bb#8e7c56&#8243; border_width=\u00bb1&#8243; image=\u00bb1049&#8243;][qode_circle type=\u00bbimage_type\u00bb link_target=\u00bb_blank\u00bb link=\u00bbhttps:\/\/www.panaderiaalqueza.com\/wp-content\/uploads\/2025\/01\/Cataleg-dolc-salat-comprimido.pdf\u00bb title=\u00bbCAT\u00c1LOGO BANDEJAS DE DULCE Y SALADO\u00bb text=\u00bbNuestras bandejas especiales de dulce y salado\u00bb background_color=\u00bb#393a3a\u00bb border_color=\u00bb#8e7c56&#8243; border_width=\u00bb1&#8243; image=\u00bb1608&#8243;][\/qode_circles][\/vc_column_inner][\/vc_row_inner][\/vc_column][\/vc_row][vc_row css_animation=\u00bb\u00bb row_type=\u00bbrow\u00bb use_row_as_full_screen_section=\u00bbno\u00bb type=\u00bbgrid\u00bb angled_section=\u00bbno\u00bb text_align=\u00bbcenter\u00bb background_image_as_pattern=\u00bbwithout_pattern\u00bb background_color=\u00bb#ffffff\u00bb padding_top=\u00bb40&#8243; padding_bottom=\u00bb30&#8243; css=\u00bb.vc_custom_1484528825139{background-color: #efeade !important;}\u00bb][vc_column][vc_column_text]<\/p>\n<h2>PEDIDOS Y PRESUPUESTOS<\/h2>\n<p>[\/vc_column_text][vc_separator type=\u00bbsmall\u00bb position=\u00bbcenter\u00bb][vc_column_text]<\/p>\n<h4>Puede realizar encargos y recogerlos en el establecimiento donde le sea m\u00e1s conveniente<\/h4>\n<p>[\/vc_column_text][vc_separator type=\u00bbtransparent\u00bb up=\u00bb10&#8243; down=\u00bb10&#8243;][vc_column_text]<\/p>\n<h4>Si tiene alguna duda o precisa m\u00e1s informaci\u00f3n, no dude en consultarnos.<\/h4>\n<h4>Nuestro equipo le asesorar\u00e1 en la elecci\u00f3n de los productos id\u00f3neos.<\/h4>\n<p>[\/vc_column_text][vc_separator type=\u00bbtransparent\u00bb up=\u00bb10&#8243; down=\u00bb10&#8243;][\/vc_column][\/vc_row][vc_row css_animation=\u00bb\u00bb row_type=\u00bbrow\u00bb use_row_as_full_screen_section=\u00bbno\u00bb type=\u00bbgrid\u00bb angled_section=\u00bbno\u00bb text_align=\u00bbleft\u00bb background_image_as_pattern=\u00bbwithout_pattern\u00bb padding_top=\u00bb40&#8243;][vc_column width=\u00bb1\/2&#8243;][vc_column_text]<\/p>\n<h3>Puede contactar con nosotros de las siguientes maneras:<\/h3>\n<p>[\/vc_column_text][vc_empty_space height=\u00bb30px\u00bb]<span data-type=\"square\"   class=\"qode_icon_shortcode fa-stack q_font_awsome_icon_square fa-lg pull-left \" style=\"background-color: #20110c;border: 0;margin: 0 10px; \"><i class=\"qode_icon_font_awesome fa fa-envelope qode_icon_element\" style=\"font-size: 20px;color: #ffffff;\" ><\/i><\/span>[vc_column_text]Por correo electr\u00f3nico en:\u00a0<a href=\"mailto:info@panaderiaalqueza.com\">info@panaderiaalqueza.com<\/a>[\/vc_column_text][vc_empty_space height=\u00bb35px\u00bb]<span data-type=\"square\"   class=\"qode_icon_shortcode fa-stack q_font_awsome_icon_square fa-lg pull-left \" style=\"background-color: #20110c;border: 0;margin: 0 10px; \"><i class=\"qode_icon_font_awesome fa fa-phone qode_icon_element\" style=\"font-size: 20px;color: #ffffff;\" ><\/i><\/span>[vc_column_text]Por tel\u00e9fono en el: 977 442 359[\/vc_column_text][vc_empty_space height=\u00bb35px\u00bb]<span data-type=\"square\"   class=\"qode_icon_shortcode fa-stack q_font_awsome_icon_square fa-lg pull-left \" style=\"background-color: #20110c;border: 0;margin: 0 10px; \"><i class=\"qode_icon_font_awesome fa fa-fax qode_icon_element\" style=\"font-size: 20px;color: #ffffff;\" ><\/i><\/span>[vc_column_text]Por fax en el\u00a0: 977 510 671[\/vc_column_text][vc_empty_space height=\u00bb35px\u00bb]<span data-type=\"square\"   class=\"qode_icon_shortcode fa-stack q_font_awsome_icon_square fa-lg pull-left \" style=\"background-color: #20110c;border: 0;margin: 0 10px; \"><i class=\"qode_icon_font_awesome fa fa-facebook qode_icon_element\" style=\"font-size: 20px;color: #ffffff;\" ><\/i><\/span>[vc_column_text]A trav\u00e9s de Facebook:\u00a0<a href=\"https:\/\/www.facebook.com\/pg\/alquezaipacos\/\">Facebook<\/a>[\/vc_column_text][vc_empty_space height=\u00bb35px\u00bb]<span data-type=\"square\"   class=\"qode_icon_shortcode fa-stack q_font_awsome_icon_square fa-lg pull-left \" style=\"background-color: #20110c;border: 0;margin: 0 10px; \"><i class=\"qode_icon_font_awesome fa fa-location-arrow qode_icon_element\" style=\"font-size: 20px;color: #ffffff;\" ><\/i><\/span>[vc_column_text]O en cualquiera de nuestros\u00a0<a href=\"http:\/\/www.panaderiaalqueza.com\/es\/espacios-de-degustacion-y-tiendas\/\">Espacios Degustaci\u00f3n y tiendas<\/a>[\/vc_column_text][vc_empty_space height=\u00bb15px\u00bb][\/vc_column][vc_column width=\u00bb1\/2&#8243;]\n<div class=\"wpcf7 no-js\" id=\"wpcf7-f1330-o1\" lang=\"es-ES\" dir=\"ltr\" data-wpcf7-id=\"1330\">\n<div class=\"screen-reader-response\"><p role=\"status\" aria-live=\"polite\" aria-atomic=\"true\"><\/p> <ul><\/ul><\/div>\n<form action=\"\/es\/wp-json\/wp\/v2\/pages\/1313#wpcf7-f1330-o1\" method=\"post\" class=\"wpcf7-form init default\" aria-label=\"Formulario de contacto\" novalidate=\"novalidate\" data-status=\"init\">\n<div style=\"display: none;\">\n<input type=\"hidden\" name=\"_wpcf7\" value=\"1330\" \/>\n<input type=\"hidden\" name=\"_wpcf7_version\" value=\"6.0.3\" \/>\n<input type=\"hidden\" name=\"_wpcf7_locale\" value=\"es_ES\" \/>\n<input type=\"hidden\" name=\"_wpcf7_unit_tag\" value=\"wpcf7-f1330-o1\" \/>\n<input type=\"hidden\" name=\"_wpcf7_container_post\" value=\"0\" \/>\n<input type=\"hidden\" name=\"_wpcf7_posted_data_hash\" value=\"\" \/>\n<input type=\"hidden\" name=\"_wpcf7cf_hidden_group_fields\" value=\"[]\" \/>\n<input type=\"hidden\" name=\"_wpcf7cf_hidden_groups\" value=\"[]\" \/>\n<input type=\"hidden\" name=\"_wpcf7cf_visible_groups\" value=\"[]\" \/>\n<input type=\"hidden\" name=\"_wpcf7cf_repeaters\" value=\"[]\" \/>\n<input type=\"hidden\" name=\"_wpcf7cf_steps\" value=\"{}\" \/>\n<input type=\"hidden\" name=\"_wpcf7cf_options\" value=\"{&quot;form_id&quot;:1330,&quot;conditions&quot;:[],&quot;settings&quot;:{&quot;animation&quot;:&quot;yes&quot;,&quot;animation_intime&quot;:200,&quot;animation_outtime&quot;:200,&quot;conditions_ui&quot;:&quot;normal&quot;,&quot;notice_dismissed&quot;:false}}\" \/>\n<input type=\"hidden\" name=\"_wpcf7_recaptcha_response\" value=\"\" \/>\n<\/div>\n\u00bfC\u00f3mo le podemos ayudar?\n<span class=\"wpcf7-form-control-wrap\" data-name=\"radio-775\"><span class=\"wpcf7-form-control wpcf7-radio\"><span class=\"wpcf7-list-item first\"><input type=\"radio\" name=\"radio-775\" value=\"Informaci\u00f3n general\" checked=\"checked\" \/><span class=\"wpcf7-list-item-label\">Informaci\u00f3n general<\/span><\/span><span class=\"wpcf7-list-item last\"><input type=\"radio\" name=\"radio-775\" value=\"Pedidos\" \/><span class=\"wpcf7-list-item-label\">Pedidos<\/span><\/span><\/span><\/span>\n\n<label> Nombre (obligatorio)\n    <span class=\"wpcf7-form-control-wrap\" data-name=\"your-name\"><input size=\"40\" maxlength=\"400\" class=\"wpcf7-form-control wpcf7-text wpcf7-validates-as-required\" aria-required=\"true\" aria-invalid=\"false\" value=\"\" type=\"text\" name=\"your-name\" \/><\/span> <\/label>\n\n<label> Correo electr\u00f3nico (obligatorio)\n    <span class=\"wpcf7-form-control-wrap\" data-name=\"your-email\"><input size=\"40\" maxlength=\"400\" class=\"wpcf7-form-control wpcf7-email wpcf7-validates-as-required wpcf7-text wpcf7-validates-as-email\" aria-required=\"true\" aria-invalid=\"false\" value=\"\" type=\"email\" name=\"your-email\" \/><\/span> <\/label>\n\n<label> Tel\u00e9fono (obligatorio)\n   <span class=\"wpcf7-form-control-wrap\" data-name=\"tel-722\"><input size=\"40\" maxlength=\"400\" class=\"wpcf7-form-control wpcf7-tel wpcf7-validates-as-required wpcf7-text wpcf7-validates-as-tel\" aria-required=\"true\" aria-invalid=\"false\" value=\"\" type=\"tel\" name=\"tel-722\" \/><\/span> <\/label>\n\n<label> Mensaje\n    <span class=\"wpcf7-form-control-wrap\" data-name=\"your-message\"><textarea cols=\"40\" rows=\"10\" maxlength=\"2000\" class=\"wpcf7-form-control wpcf7-textarea\" aria-invalid=\"false\" name=\"your-message\"><\/textarea><\/span> <\/label>\n\n\n\n<span class=\"wpcf7-form-control-wrap\" data-name=\"acceptance-691\"><span class=\"wpcf7-form-control wpcf7-acceptance\"><span class=\"wpcf7-list-item\"><input type=\"checkbox\" name=\"acceptance-691\" value=\"1\" aria-invalid=\"false\" \/><\/span><\/span><\/span> He le\u00eddo y acepto las <a href=\"http:\/\/www.panaderiaalqueza.com\/es\/aviso-legal\/\">condiciones de privacidad<\/a>\n\n<input class=\"wpcf7-form-control wpcf7-submit has-spinner\" type=\"submit\" value=\"Enviar\" \/><div class=\"wpcf7-response-output\" aria-hidden=\"true\"><\/div>\n<\/form>\n<\/div>\n[\/vc_column][\/vc_row]<\/p>\n<\/div>","protected":false},"excerpt":{"rendered":"<p>[vc_row css_animation=\u00bb\u00bb row_type=\u00bbrow\u00bb use_row_as_full_screen_section=\u00bbno\u00bb type=\u00bbgrid\u00bb angled_section=\u00bbno\u00bb text_align=\u00bbcenter\u00bb background_image_as_pattern=\u00bbwithout_pattern\u00bb padding_top=\u00bb40&#8243; padding_bottom=\u00bb30&#8243;][vc_column][vc_column_text] DESCARGUEN\u00a0NUESTROS CAT\u00c1LOGOS [\/vc_column_text][vc_separator type=\u00bbsmall\u00bb position=\u00bbcenter\u00bb][vc_separator type=\u00bbtransparent\u00bb up=\u00bb10&#8243; down=\u00bb10&#8243;][vc_row_inner row_type=\u00bbrow\u00bb type=\u00bbfull_width\u00bb text_align=\u00bbleft\u00bb css_animation=\u00bb\u00bb][vc_column_inner][qode_circles columns=\u00bbthree_columns\u00bb circle_line=\u00bbwith_line\u00bb][qode_circle type=\u00bbimage_type\u00bb link_target=\u00bb_blank\u00bb link=\u00bbhttp:\/\/www.panaderiaalqueza.com\/wp-content\/uploads\/2017\/02\/cataleg_fleca-2.pdf\u00bb title=\u00bbHorno de pan\u00bb text=\u00bbNuestro pan, pastas dulces, saladas y pica-pica\u00bb background_color=\u00bb#393a3a\u00bb border_color=\u00bb#8e7c56&#8243; border_width=\u00bb1&#8243; image=\u00bb1050&#8243;][qode_circle type=\u00bbimage_type\u00bb link_target=\u00bb_blank\u00bb link=\u00bbhttp:\/\/www.panaderiaalqueza.com\/wp-content\/uploads\/2017\/02\/cataleg_pastisseria-2.pdf\u00bb title=\u00bbPasteler\u00eda\u00bb&#8230;<\/p>\n","protected":false},"author":1,"featured_media":0,"parent":0,"menu_order":0,"comment_status":"closed","ping_status":"closed","template":"full_width.php","meta":{"footnotes":""},"class_list":["post-1313","page","type-page","status-publish","hentry"],"_links":{"self":[{"href":"https:\/\/www.panaderiaalqueza.com\/es\/wp-json\/wp\/v2\/pages\/1313","targetHints":{"allow":["GET"]}}],"collection":[{"href":"https:\/\/www.panaderiaalqueza.com\/es\/wp-json\/wp\/v2\/pages"}],"about":[{"href":"https:\/\/www.panaderiaalqueza.com\/es\/wp-json\/wp\/v2\/types\/page"}],"author":[{"embeddable":true,"href":"https:\/\/www.panaderiaalqueza.com\/es\/wp-json\/wp\/v2\/users\/1"}],"replies":[{"embeddable":true,"href":"https:\/\/www.panaderiaalqueza.com\/es\/wp-json\/wp\/v2\/comments?post=1313"}],"version-history":[{"count":20,"href":"https:\/\/www.panaderiaalqueza.com\/es\/wp-json\/wp\/v2\/pages\/1313\/revisions"}],"predecessor-version":[{"id":2097,"href":"https:\/\/www.panaderiaalqueza.com\/es\/wp-json\/wp\/v2\/pages\/1313\/revisions\/2097"}],"wp:attachment":[{"href":"https:\/\/www.panaderiaalqueza.com\/es\/wp-json\/wp\/v2\/media?parent=1313"}],"curies":[{"name":"wp","href":"https:\/\/api.w.org\/{rel}","templated":true}]}}