{"id":1307,"date":"2017-01-24T01:36:55","date_gmt":"2017-01-24T01:36:55","guid":{"rendered":"http:\/\/www.panaderiaalqueza.com\/?page_id=1307\/"},"modified":"2023-01-12T06:21:06","modified_gmt":"2023-01-12T06:21:06","slug":"con-denominacion-de-origen","status":"publish","type":"page","link":"https:\/\/www.panaderiaalqueza.com\/es\/productos\/con-denominacion-de-origen\/","title":{"rendered":"Con denominaci\u00f3n de origen"},"content":{"rendered":"<div class=\"wpb-content-wrapper\"><p>[vc_row css_animation=\u00bb\u00bb row_type=\u00bbrow\u00bb use_row_as_full_screen_section=\u00bbno\u00bb type=\u00bbfull_width\u00bb angled_section=\u00bbno\u00bb text_align=\u00bbleft\u00bb background_image_as_pattern=\u00bbwithout_pattern\u00bb][vc_column][vc_empty_space height=\u00bb20px\u00bb][vc_row_inner row_type=\u00bbrow\u00bb type=\u00bbfull_width\u00bb text_align=\u00bbleft\u00bb css_animation=\u00bb\u00bb][vc_column_inner][vc_column_text]<\/p>\n<h2 style=\"text-align: center;\">JAMONER\u00cdA<\/h2>\n<p>[\/vc_column_text][vc_separator type=\u00bbsmall\u00bb position=\u00bbcenter\u00bb up=\u00bb5&#8243; down=\u00bb5&#8243;][vc_column_text]<\/p>\n<h4 style=\"text-align: center;\">Disponemos de grandes marcas de jam\u00f3n ib\u00e9rico.<br \/>\nLo puede adquirir por unidad o bien cortado (la cantidad que desee) al momento por nuestros profesionales.<\/h4>\n<p>[\/vc_column_text][\/vc_column_inner][\/vc_row_inner][vc_separator type=\u00bbtransparent\u00bb up=\u00bb21&#8243; down=\u00bb0&#8243;][vc_gallery interval=\u00bb3&#8243; images=\u00bb1514,1513,1512,1515&#8243; img_size=\u00bb1300&#215;650&#8243; direction_nav=\u00bbyes\u00bb control_nav=\u00bbno\u00bb pause_on_hover=\u00bbno\u00bb][\/vc_column][\/vc_row][vc_row css_animation=\u00bb\u00bb row_type=\u00bbrow\u00bb use_row_as_full_screen_section=\u00bbno\u00bb type=\u00bbgrid\u00bb angled_section=\u00bbno\u00bb text_align=\u00bbleft\u00bb background_image_as_pattern=\u00bbwithout_pattern\u00bb][vc_column width=\u00bb1\/3&#8243;][vc_empty_space height=\u00bb30px\u00bb][vc_single_image image=\u00bb1063&#8243; alignment=\u00bbcenter\u00bb qode_css_animation=\u00bb\u00bb qode_hover_animation=\u00bbzoom_in\u00bb][vc_empty_space height=\u00bb20px\u00bb][vc_column_text]<strong>Jam\u00f3n de cebo con un 50% de raza ib\u00e9rica<\/strong>.<\/p>\n<p>Los cerdos son animales que al igual que los de categor\u00edas superiores, nacen y se desarrollan en libertad en las dehesas, alimentandos desde peque\u00f1os con bellotas, frutos del campo y, en su caso, tambi\u00e9n con cereales.<\/p>\n<p>Al tener una mayor edad, conseguimos de nuevo unas propiedades distintivas en su aspecto, aroma y sabor.<\/p>\n<p>&nbsp;<\/p>\n<p>Tambi\u00e9n disponemos de <strong>chorizo Ib\u00e9rico de bellota<\/strong> y de <strong>Longaniza ib\u00e9rica de bellota<\/strong>.[\/vc_column_text][\/vc_column][vc_column width=\u00bb1\/3&#8243;][vc_empty_space height=\u00bb30px\u00bb][vc_single_image image=\u00bb1062&#8243; alignment=\u00bbcenter\u00bb qode_css_animation=\u00bb\u00bb qode_hover_animation=\u00bbzoom_in\u00bb][vc_empty_space height=\u00bb20px\u00bb][vc_column_text]<strong>Jam\u00f3n blanco de 20 meses de curaci\u00f3n.<\/strong><\/p>\n<p><strong>Artesanalmente chamuscado<\/strong> en el municipio de Alaraz (<strong>Salamanca<\/strong>).<br \/>\nLos meses de curaci\u00f3n, as\u00ed como que est\u00e9 chamuscado artesanal le confieren a este jam\u00f3n un <strong>sabor especial f\u00e1cilmente apreciable<\/strong>.<\/p>\n<p>&nbsp;<\/p>\n<p><strong>Jam\u00f3n Puro 100% Duroc Gran Reserva<\/strong><br \/>\nJam\u00f3n serrano de raza pura Duroc Gran Reserva. Las piezas se caracterizan por la magn\u00edfica infiltraci\u00f3n de grasa intramuscular, las llamadas \u00abvetas\u00bb y el gran rendimiento que se obtiene al corte. Un jam\u00f3n con una excelente relaci\u00f3n precio\/rendimiento.[\/vc_column_text][\/vc_column][vc_column width=\u00bb1\/3&#8243;][vc_empty_space height=\u00bb30px\u00bb][vc_single_image image=\u00bb1336&#8243; alignment=\u00bbcenter\u00bb qode_css_animation=\u00bb\u00bb qode_hover_animation=\u00bbzoom_in\u00bb][vc_empty_space height=\u00bb20px\u00bb][vc_column_text]<strong>Jam\u00f3n ib\u00e9rico de cebo de 24 meses de curaci\u00f3n<\/strong>.<br \/>\nSe presenta en piezas enteras de aproximadamente 7,5kg.<\/p>\n<p>&nbsp;<\/p>\n<p><strong>Procedente de cerdos ib\u00e9ricos certificados alimentados con piensos naturales<\/strong>, se obtiene un producto, despu\u00e9s de dos a\u00f1os de maduraci\u00f3n lenta y pausada, de calidad inmejorable con una combinaci\u00f3n exquisita de buenas sensaciones.<\/p>\n<p>Producto totalmente natural.<\/p>\n<p>Al\u00e9rgenos: Exento de gluten[\/vc_column_text][\/vc_column][\/vc_row][vc_row css_animation=\u00bb\u00bb row_type=\u00bbrow\u00bb use_row_as_full_screen_section=\u00bbno\u00bb type=\u00bbfull_width\u00bb angled_section=\u00bbno\u00bb text_align=\u00bbleft\u00bb background_image_as_pattern=\u00bbwithout_pattern\u00bb][vc_column][vc_empty_space][\/vc_column][\/vc_row]<\/p>\n<\/div>","protected":false},"excerpt":{"rendered":"<p>[vc_row css_animation=\u00bb\u00bb row_type=\u00bbrow\u00bb use_row_as_full_screen_section=\u00bbno\u00bb type=\u00bbfull_width\u00bb angled_section=\u00bbno\u00bb text_align=\u00bbleft\u00bb background_image_as_pattern=\u00bbwithout_pattern\u00bb][vc_column][vc_empty_space height=\u00bb20px\u00bb][vc_row_inner row_type=\u00bbrow\u00bb type=\u00bbfull_width\u00bb text_align=\u00bbleft\u00bb css_animation=\u00bb\u00bb][vc_column_inner][vc_column_text] JAMONER\u00cdA [\/vc_column_text][vc_separator type=\u00bbsmall\u00bb position=\u00bbcenter\u00bb up=\u00bb5&#8243; down=\u00bb5&#8243;][vc_column_text] Disponemos de grandes marcas de jam\u00f3n ib\u00e9rico. Lo puede adquirir por unidad o bien cortado (la cantidad que desee) al momento por nuestros profesionales. [\/vc_column_text][\/vc_column_inner][\/vc_row_inner][vc_separator type=\u00bbtransparent\u00bb&#8230;<\/p>\n","protected":false},"author":1,"featured_media":0,"parent":1245,"menu_order":0,"comment_status":"closed","ping_status":"closed","template":"full_width.php","meta":{"footnotes":""},"class_list":["post-1307","page","type-page","status-publish","hentry"],"_links":{"self":[{"href":"https:\/\/www.panaderiaalqueza.com\/es\/wp-json\/wp\/v2\/pages\/1307","targetHints":{"allow":["GET"]}}],"collection":[{"href":"https:\/\/www.panaderiaalqueza.com\/es\/wp-json\/wp\/v2\/pages"}],"about":[{"href":"https:\/\/www.panaderiaalqueza.com\/es\/wp-json\/wp\/v2\/types\/page"}],"author":[{"embeddable":true,"href":"https:\/\/www.panaderiaalqueza.com\/es\/wp-json\/wp\/v2\/users\/1"}],"replies":[{"embeddable":true,"href":"https:\/\/www.panaderiaalqueza.com\/es\/wp-json\/wp\/v2\/comments?post=1307"}],"version-history":[{"count":11,"href":"https:\/\/www.panaderiaalqueza.com\/es\/wp-json\/wp\/v2\/pages\/1307\/revisions"}],"predecessor-version":[{"id":2027,"href":"https:\/\/www.panaderiaalqueza.com\/es\/wp-json\/wp\/v2\/pages\/1307\/revisions\/2027"}],"up":[{"embeddable":true,"href":"https:\/\/www.panaderiaalqueza.com\/es\/wp-json\/wp\/v2\/pages\/1245"}],"wp:attachment":[{"href":"https:\/\/www.panaderiaalqueza.com\/es\/wp-json\/wp\/v2\/media?parent=1307"}],"curies":[{"name":"wp","href":"https:\/\/api.w.org\/{rel}","templated":true}]}}