{"id":1241,"date":"2017-01-23T19:15:49","date_gmt":"2017-01-23T19:15:49","guid":{"rendered":"http:\/\/www.panaderiaalqueza.com\/?page_id=1241\/"},"modified":"2025-01-21T07:48:23","modified_gmt":"2025-01-21T07:48:23","slug":"espacios-de-degustacion-y-tiendas","status":"publish","type":"page","link":"https:\/\/www.panaderiaalqueza.com\/es\/espacios-de-degustacion-y-tiendas\/","title":{"rendered":"Espacios de degustaci\u00f3n, tiendas y restaurante"},"content":{"rendered":"<div class=\"wpb-content-wrapper\"><p>[vc_row css_animation=\u00bb\u00bb row_type=\u00bbrow\u00bb use_row_as_full_screen_section=\u00bbno\u00bb type=\u00bbgrid\u00bb angled_section=\u00bbno\u00bb text_align=\u00bbleft\u00bb background_image_as_pattern=\u00bbwithout_pattern\u00bb background_color=\u00bb#ffffff\u00bb padding_bottom=\u00bb30&#8243; css=\u00bb.vc_custom_1484528619851{background-color: #efeade !important;}\u00bb][vc_column][vc_empty_space][vc_column_text css=\u00bb.vc_custom_1481188292250{margin-right: 100px !important;margin-left: 100px !important;}\u00bb]<\/p>\n<h4 style=\"text-align: center;\">Encontrar\u00e9is la mayor\u00eda de nuestros productos en todos los establecimientos.<br \/>\nPod\u00e9is realizar encargos y recogerlos donde os sea m\u00e1s conveniente.<\/h4>\n<p>[\/vc_column_text][vc_empty_space height=\u00bb20px\u00bb][vc_column_text css=\u00bb.vc_custom_1484528605553{margin-right: 100px !important;margin-left: 100px !important;}\u00bb]<\/p>\n<p style=\"text-align: center;\">Si prefer\u00eds que vayamos a vuestra casa, tambi\u00e9n organizamos acontecimientos especiales.<br \/>\nPara hacer encargos, pod\u00e9is hacerlos directamente en cualquiera de nuestras tiendas o pod\u00e9is usar <strong><a href=\"http:\/\/www.panaderiaalqueza.com\/es\/contactar\/\">nuestro formulario<\/a><\/strong><\/p>\n<p>[\/vc_column_text][vc_empty_space][\/vc_column][\/vc_row][vc_row css_animation=\u00bb\u00bb row_type=\u00bbrow\u00bb use_row_as_full_screen_section=\u00bbno\u00bb type=\u00bbgrid\u00bb angled_section=\u00bbno\u00bb text_align=\u00bbleft\u00bb background_image_as_pattern=\u00bbwithout_pattern\u00bb padding_top=\u00bb30&#8243;][vc_column][vc_column_text]<\/p>\n<h2 style=\"text-align: center;\">Forn de Pa i pastisseria Alqueza<\/h2>\n<p>[\/vc_column_text][vc_separator type=\u00bbtransparent\u00bb up=\u00bb9&#8243; down=\u00bb0&#8243;][vc_column_text]<\/p>\n<h4 style=\"text-align: center;\">Panader\u00eda artesanal, pasteler\u00eda, cafeter\u00eda, bomboner\u00eda, comidas preparadas, catering selecto, jamoner\u00eda y charcuter\u00eda.<br \/>\nY ahora restaurante espacio gastron\u00f3mico en nuestro horno.<\/h4>\n<p>[\/vc_column_text][vc_separator type=\u00bbtransparent\u00bb up=\u00bb17&#8243; down=\u00bb0&#8243;][\/vc_column][\/vc_row][vc_row css_animation=\u00bb\u00bb row_type=\u00bbrow\u00bb use_row_as_full_screen_section=\u00bbno\u00bb type=\u00bbfull_width\u00bb angled_section=\u00bbno\u00bb text_align=\u00bbleft\u00bb background_image_as_pattern=\u00bbwithout_pattern\u00bb][vc_column][vc_gallery interval=\u00bb0&#8243; images=\u00bb982,980,981&#8243; img_size=\u00bbfull\u00bb css_animation=\u00bbfadeIn\u00bb direction_nav=\u00bbyes\u00bb control_nav=\u00bbno\u00bb][\/vc_column][\/vc_row][vc_row css_animation=\u00bb\u00bb row_type=\u00bbrow\u00bb use_row_as_full_screen_section=\u00bbno\u00bb type=\u00bbgrid\u00bb angled_section=\u00bbno\u00bb text_align=\u00bbleft\u00bb background_image_as_pattern=\u00bbwithout_pattern\u00bb padding_top=\u00bb30&#8243;][vc_column][vc_separator type=\u00bbtransparent\u00bb up=\u00bb17&#8243; down=\u00bb0&#8243;][vc_row_inner row_type=\u00bbrow\u00bb type=\u00bbfull_width\u00bb text_align=\u00bbleft\u00bb css_animation=\u00bb\u00bb][vc_column_inner width=\u00bb1\/3&#8243;][vc_separator type=\u00bbtransparent\u00bb up=\u00bb17&#8243; down=\u00bb0&#8243;]<div class=\"q_icon_list\"><i class=\"qode_icon_font_awesome fa fa-home qode-ili-icon-holder circle\" style=\"background-color: #20110c;\" ><\/i><p style=\"margin-bottom: 20px;\">c\/ Enric d\u2019Osso, 24 \u2013 Tortosa Temple<\/p><\/div>[vc_separator type=\u00bbtransparent\u00bb up=\u00bb17&#8243; down=\u00bb0&#8243;]<div class=\"q_icon_list\"><i class=\"qode_icon_font_awesome fa fa-clock-o qode-ili-icon-holder circle\" style=\"background-color: #20110c;\" ><\/i><p style=\"margin-bottom: 20px;\">De lunes a viernes de 6:00 a 20:00 - S\u00e1bados, domingos y festivos de 6:00 a 14:00<\/p><\/div>[vc_separator type=\u00bbtransparent\u00bb up=\u00bb17&#8243; down=\u00bb0&#8243;]<div class=\"q_icon_list\"><i class=\"qode_icon_font_awesome fa fa-mobile qode-ili-icon-holder circle\" style=\"background-color: #20110c;\" ><\/i><p style=\"margin-bottom: 20px;\">977 442 359<\/p><\/div>[\/vc_column_inner][vc_column_inner width=\u00bb2\/3&#8243;][vc_raw_html]JTNDaWZyYW1lJTIwc3JjJTNEJTIyaHR0cHMlM0ElMkYlMkZ3d3cuZ29vZ2xlLmNvbSUyRm1hcHMlMkZlbWJlZCUzRnBiJTNEJTIxMW0xOCUyMTFtMTIlMjExbTMlMjExZDMwMjAuMTAwNjkxMDQyNTY3JTIxMmQwLjUxNzgwMDcxNTQ2MjE5NTUlMjEzZDQwLjgwMzc4MTA3OTMyMTk2NSUyMTJtMyUyMTFmMCUyMTJmMCUyMTNmMCUyMTNtMiUyMTFpMTAyNCUyMTJpNzY4JTIxNGYxMy4xJTIxM20zJTIxMW0yJTIxMXMweDAlMjUzQTB4NTFiZGVkOGYzM2VmZjgyNiUyMTJzUGFuYWRlcmlhJTJCQWxxdWV6YSUyQi0lMkJGb3JuJTJCZGUlMkJQYSUyQmklMkJQYXN0aXNzZXJpYSUyQkFscXVlemElMjE1ZTAlMjEzbTIlMjExc2NhJTIxMnNlcyUyMTR2MTQ4MDM3MjQ0OTkzNSUyMiUyMHdpZHRoJTNEJTIyMTAwJTI1JTIyJTIwaGVpZ2h0JTNEJTIyMjUwJTIyJTIwZnJhbWVib3JkZXIlM0QlMjIwJTIyJTIwc3R5bGUlM0QlMjJib3JkZXIlM0EwJTIyJTIwYWxsb3dmdWxsc2NyZWVuJTNFJTNDJTJGaWZyYW1lJTNF[\/vc_raw_html][\/vc_column_inner][\/vc_row_inner][vc_separator type=\u00bbtransparent\u00bb up=\u00bb17&#8243; down=\u00bb0&#8243;][\/vc_column][\/vc_row][vc_row css_animation=\u00bb\u00bb row_type=\u00bbrow\u00bb use_row_as_full_screen_section=\u00bbno\u00bb type=\u00bbgrid\u00bb angled_section=\u00bbno\u00bb text_align=\u00bbleft\u00bb background_image_as_pattern=\u00bbwithout_pattern\u00bb padding_top=\u00bb30&#8243; css=\u00bb.vc_custom_1574843267159{background-color: #efeade !important;}\u00bb][vc_column][vc_column_text]<\/p>\n<h2 style=\"text-align: center;\">La Cocina de Alqueza<\/h2>\n<p>[\/vc_column_text][vc_separator type=\u00bbtransparent\u00bb up=\u00bb9&#8243; down=\u00bb0&#8243;][vc_column_text]<\/p>\n<h4 style=\"text-align: center;\">Espacio gastron\u00f3mico.<\/h4>\n<p>[\/vc_column_text][vc_separator type=\u00bbtransparent\u00bb up=\u00bb17&#8243; down=\u00bb0&#8243;][\/vc_column][\/vc_row][vc_row css_animation=\u00bb\u00bb row_type=\u00bbrow\u00bb use_row_as_full_screen_section=\u00bbno\u00bb type=\u00bbfull_width\u00bb angled_section=\u00bbno\u00bb text_align=\u00bbleft\u00bb background_image_as_pattern=\u00bbwithout_pattern\u00bb][vc_column][vc_gallery interval=\u00bb0&#8243; images=\u00bb1821&#8243; img_size=\u00bb1300&#215;500&#8243; onclick=\u00bb\u00bb css_animation=\u00bbfadeIn\u00bb direction_nav=\u00bbyes\u00bb control_nav=\u00bbno\u00bb][\/vc_column][\/vc_row][vc_row css_animation=\u00bb\u00bb row_type=\u00bbrow\u00bb use_row_as_full_screen_section=\u00bbno\u00bb type=\u00bbgrid\u00bb angled_section=\u00bbno\u00bb text_align=\u00bbleft\u00bb background_image_as_pattern=\u00bbwithout_pattern\u00bb padding_top=\u00bb30&#8243;][vc_column][vc_separator type=\u00bbtransparent\u00bb up=\u00bb17&#8243; down=\u00bb0&#8243;][vc_row_inner row_type=\u00bbrow\u00bb type=\u00bbfull_width\u00bb text_align=\u00bbleft\u00bb css_animation=\u00bb\u00bb][vc_column_inner width=\u00bb1\/3&#8243;][vc_separator type=\u00bbtransparent\u00bb up=\u00bb17&#8243; down=\u00bb0&#8243;]<div class=\"q_icon_list\"><i class=\"qode_icon_font_awesome fa fa-home qode-ili-icon-holder circle\" style=\"background-color: #20110c;\" ><\/i><p style=\"margin-bottom: 20px;\">c\/ Enric d\u2019Osso, 24 \u2013 Tortosa Temple<\/p><\/div>[vc_separator type=\u00bbtransparent\u00bb up=\u00bb17&#8243; down=\u00bb0&#8243;]<div class=\"q_icon_list\"><i class=\"qode_icon_font_awesome fa fa-clock-o qode-ili-icon-holder circle\" style=\"background-color: #20110c;\" ><\/i><p style=\"margin-bottom: 20px;\">De lunes a viernes de 13:00 a 15:00<\/p><\/div>[vc_separator type=\u00bbtransparent\u00bb up=\u00bb17&#8243; down=\u00bb0&#8243;][vc_separator type=\u00bbtransparent\u00bb up=\u00bb17&#8243; down=\u00bb0&#8243;]<div class=\"q_icon_list\"><i class=\"qode_icon_font_awesome fa fa-mobile qode-ili-icon-holder circle\" style=\"background-color: #20110c;\" ><\/i><p style=\"margin-bottom: 20px;\">977 442 359<\/p><\/div>[\/vc_column_inner][vc_column_inner width=\u00bb2\/3&#8243;][vc_raw_html]JTNDaWZyYW1lJTIwc3JjJTNEJTIyaHR0cHMlM0ElMkYlMkZ3d3cuZ29vZ2xlLmNvbSUyRm1hcHMlMkZlbWJlZCUzRnBiJTNEJTIxMW0xOCUyMTFtMTIlMjExbTMlMjExZDMwMjAuMDg1NDY2OTAyNzg5NCUyMTJkMC41MTcwMjk4MTU2NjExMzY5JTIxM2Q0MC44MDQxMTU2Mzk5MTEzOSUyMTJtMyUyMTFmMCUyMTJmMCUyMTNmMCUyMTNtMiUyMTFpMTAyNCUyMTJpNzY4JTIxNGYxMy4xJTIxM20zJTIxMW0yJTIxMXMweDEyYTBlNTM1ZmUzOTRiN2QlMjUzQTB4ZTU3NzMzN2Y4MjI3NjA5ZSUyMTJ6VEdFZ1EzVnBibUVnWk9LQW1VRnNjWFZsZW1FZ2FTQlFZV052NG9DWmN3JTIxNWUwJTIxM20yJTIxMXNjYSUyMTJzZXMlMjE0djE1NzQ4NDI1NDUxMjklMjE1bTIlMjExc2NhJTIxMnNlcyUyMiUyMHdpZHRoJTNEJTIyMTAwJTI1JTIyJTIwaGVpZ2h0JTNEJTIyMjUwJTIyJTIwZnJhbWVib3JkZXIlM0QlMjIwJTIyJTIwc3R5bGUlM0QlMjJib3JkZXIlM0EwJTIyJTIwYWxsb3dmdWxsc2NyZWVuJTNFJTNDJTJGaWZyYW1lJTNF[\/vc_raw_html][\/vc_column_inner][\/vc_row_inner][vc_separator type=\u00bbtransparent\u00bb up=\u00bb17&#8243; down=\u00bb0&#8243;][\/vc_column][\/vc_row][vc_row css_animation=\u00bb\u00bb row_type=\u00bbrow\u00bb use_row_as_full_screen_section=\u00bbno\u00bb type=\u00bbgrid\u00bb angled_section=\u00bbno\u00bb text_align=\u00bbleft\u00bb background_image_as_pattern=\u00bbwithout_pattern\u00bb css=\u00bb.vc_custom_1484528644824{background-color: #efeade !important;}\u00bb][vc_column][vc_separator type=\u00bbtransparent\u00bb up=\u00bb19&#8243; down=\u00bb0&#8243;][vc_column_text]<\/p>\n<h2 style=\"text-align: center;\">Paco&#8217;s<\/h2>\n<p>[\/vc_column_text][vc_separator type=\u00bbtransparent\u00bb up=\u00bb9&#8243; down=\u00bb0&#8243;][vc_column_text]<\/p>\n<h4 style=\"text-align: center;\">Panader\u00eda artesanal, pasteler\u00eda, cafeter\u00eda, bomboner\u00eda, comidas preparadas, catering selecto, jamoner\u00eda y charcuter\u00eda.<\/h4>\n<p>[\/vc_column_text][vc_separator type=\u00bbtransparent\u00bb up=\u00bb17&#8243; down=\u00bb0&#8243;][\/vc_column][\/vc_row][vc_row css_animation=\u00bb\u00bb row_type=\u00bbrow\u00bb use_row_as_full_screen_section=\u00bbno\u00bb type=\u00bbfull_width\u00bb angled_section=\u00bbno\u00bb text_align=\u00bbleft\u00bb background_image_as_pattern=\u00bbwithout_pattern\u00bb][vc_column][vc_gallery interval=\u00bb0&#8243; images=\u00bb973,974&#8243; img_size=\u00bbfull\u00bb css_animation=\u00bbfadeIn\u00bb direction_nav=\u00bbyes\u00bb control_nav=\u00bbno\u00bb][\/vc_column][\/vc_row][vc_row css_animation=\u00bb\u00bb row_type=\u00bbrow\u00bb use_row_as_full_screen_section=\u00bbno\u00bb type=\u00bbgrid\u00bb angled_section=\u00bbno\u00bb text_align=\u00bbleft\u00bb background_image_as_pattern=\u00bbwithout_pattern\u00bb css=\u00bb.vc_custom_1484528724555{background-color: #efeade !important;}\u00bb][vc_column][vc_separator type=\u00bbtransparent\u00bb up=\u00bb20&#8243; down=\u00bb0&#8243;][vc_row_inner row_type=\u00bbrow\u00bb type=\u00bbfull_width\u00bb text_align=\u00bbleft\u00bb css_animation=\u00bb\u00bb][vc_column_inner width=\u00bb1\/3&#8243;][vc_separator type=\u00bbtransparent\u00bb up=\u00bb17&#8243; down=\u00bb0&#8243;]<div class=\"q_icon_list\"><i class=\"qode_icon_font_awesome fa fa-home qode-ili-icon-holder circle\" style=\"background-color: #20110c;\" ><\/i><p style=\"margin-bottom: 20px;\">c\/ Mig dia-Arnes \u2013 Tortosa Ferreries<\/p><\/div>[vc_separator type=\u00bbtransparent\u00bb up=\u00bb17&#8243; down=\u00bb0&#8243;]<div class=\"q_icon_list\"><i class=\"qode_icon_font_awesome fa fa-clock-o qode-ili-icon-holder circle\" style=\"background-color: #20110c;\" ><\/i><p style=\"margin-bottom: 20px;\">De lunes a domingo de 7:30 a 14:00<\/p><\/div>[vc_separator type=\u00bbtransparent\u00bb up=\u00bb17&#8243; down=\u00bb0&#8243;]<div class=\"q_icon_list\"><i class=\"qode_icon_font_awesome fa fa-mobile qode-ili-icon-holder circle\" style=\"background-color: #20110c;\" ><\/i><p style=\"margin-bottom: 20px;\">977 580 972<\/p><\/div>[\/vc_column_inner][vc_column_inner width=\u00bb2\/3&#8243;][vc_raw_html]JTNDaWZyYW1lJTIwc3JjJTNEJTIyaHR0cHMlM0ElMkYlMkZ3d3cuZ29vZ2xlLmNvbSUyRm1hcHMlMkZlbWJlZCUzRnBiJTNEJTIxMW0xOCUyMTFtMTIlMjExbTMlMjExZDMwMTkuNTkxNDMxNTM1NDkzNSUyMTJkMC41MTUyNTc5ODEzMTYwNzcxJTIxM2Q0MC44MTQ5NzExNjc1ODI0MiUyMTJtMyUyMTFmMCUyMTJmMCUyMTNmMCUyMTNtMiUyMTFpMTAyNCUyMTJpNzY4JTIxNGYxMy4xJTIxM20zJTIxMW0yJTIxMXMweDAlMjUzQTB4MjNhMzVlMTZhOTgzZWY1OSUyMTJzUGFjbyUyNiUyMzM5JTNCcyUyQi0lMkJGb3JuJTJCZGUlMkJwYSUyQkFscXVlemElMjUyQyUyQm1lbmphciUyQnBlciUyQmVtcG9ydGFyJTI1MkMlMkJjYWZldGVyaWElMjE1ZTAlMjEzbTIlMjExc2NhJTIxMnNlcyUyMTR2MTQ4MDM3Mjk4NzE1MCUyMiUyMHdpZHRoJTNEJTIyMTAwJTI1JTIyJTIwaGVpZ2h0JTNEJTIyMjUwJTIyJTIwZnJhbWVib3JkZXIlM0QlMjIwJTIyJTIwc3R5bGUlM0QlMjJib3JkZXIlM0EwJTIyJTIwYWxsb3dmdWxsc2NyZWVuJTNFJTNDJTJGaWZyYW1lJTNF[\/vc_raw_html][\/vc_column_inner][\/vc_row_inner][vc_separator type=\u00bbtransparent\u00bb up=\u00bb17&#8243; down=\u00bb0&#8243;][\/vc_column][\/vc_row][vc_row css_animation=\u00bb\u00bb row_type=\u00bbrow\u00bb use_row_as_full_screen_section=\u00bbno\u00bb type=\u00bbgrid\u00bb angled_section=\u00bbno\u00bb text_align=\u00bbleft\u00bb background_image_as_pattern=\u00bbwithout_pattern\u00bb css=\u00bb.vc_custom_1737445440515{background-color: #EEE3CC !important;}\u00bb z_index=\u00bb\u00bb][vc_column][vc_separator type=\u00bbtransparent\u00bb up=\u00bb30&#8243; down=\u00bb0&#8243;][vc_column_text]<\/p>\n<h2 style=\"text-align: center;\">Paco&#8217;s R\u00fastic<\/h2>\n<p>[\/vc_column_text][vc_separator type=\u00bbtransparent\u00bb up=\u00bb9&#8243; down=\u00bb0&#8243;][vc_column_text]<\/p>\n<h4 style=\"text-align: center;\">Panader\u00eda artesanal, pasteler\u00eda, cafeter\u00eda, jamoner\u00eda y charcuter\u00eda<\/h4>\n<p>[\/vc_column_text][vc_separator type=\u00bbtransparent\u00bb up=\u00bb17&#8243; down=\u00bb0&#8243;][\/vc_column][\/vc_row][vc_row css_animation=\u00bb\u00bb row_type=\u00bbrow\u00bb use_row_as_full_screen_section=\u00bbno\u00bb type=\u00bbfull_width\u00bb angled_section=\u00bbno\u00bb text_align=\u00bbleft\u00bb background_image_as_pattern=\u00bbwithout_pattern\u00bb css=\u00bb.vc_custom_1737445451844{background-color: #EEE3CC !important;}\u00bb z_index=\u00bb\u00bb][vc_column][vc_gallery interval=\u00bb0&#8243; images=\u00bb1845,978&#8243; img_size=\u00bbfull\u00bb css_animation=\u00bbfadeIn\u00bb direction_nav=\u00bbyes\u00bb control_nav=\u00bbno\u00bb][\/vc_column][\/vc_row][vc_row css_animation=\u00bb\u00bb row_type=\u00bbrow\u00bb use_row_as_full_screen_section=\u00bbno\u00bb type=\u00bbgrid\u00bb angled_section=\u00bbno\u00bb text_align=\u00bbleft\u00bb background_image_as_pattern=\u00bbwithout_pattern\u00bb][vc_column][vc_separator type=\u00bbtransparent\u00bb up=\u00bb20&#8243; down=\u00bb0&#8243;][vc_row_inner row_type=\u00bbrow\u00bb type=\u00bbfull_width\u00bb text_align=\u00bbleft\u00bb css_animation=\u00bb\u00bb css=\u00bb.vc_custom_1737445463968{background-color: #EEE3CC !important;}\u00bb][vc_column_inner width=\u00bb1\/3&#8243;][vc_separator type=\u00bbtransparent\u00bb up=\u00bb17&#8243; down=\u00bb0&#8243;]<div class=\"q_icon_list\"><i class=\"qode_icon_font_awesome fa fa-home qode-ili-icon-holder circle\" style=\"background-color: #20110c;\" ><\/i><p style=\"margin-bottom: 20px;\">c\/ Crist\u00f2fol Despuig, 18 \u2013 Tortosa Centre<\/p><\/div>[vc_separator type=\u00bbtransparent\u00bb up=\u00bb17&#8243; down=\u00bb0&#8243;]<div class=\"q_icon_list\"><i class=\"qode_icon_font_awesome fa fa-clock-o qode-ili-icon-holder circle\" style=\"background-color: #20110c;\" ><\/i><p style=\"margin-bottom: 20px;\">De lunes a s\u00e1bado de 7:00 a 14:00<\/p><\/div>[vc_separator type=\u00bbtransparent\u00bb up=\u00bb17&#8243; down=\u00bb0&#8243;]<div class=\"q_icon_list\"><i class=\"qode_icon_font_awesome fa fa-mobile qode-ili-icon-holder circle\" style=\"background-color: #20110c;\" ><\/i><p style=\"margin-bottom: 20px;\">977 441 657<\/p><\/div>[\/vc_column_inner][vc_column_inner width=\u00bb2\/3&#8243;][vc_raw_html]JTNDaWZyYW1lJTIwc3JjJTNEJTIyaHR0cHMlM0ElMkYlMkZ3d3cuZ29vZ2xlLmNvbSUyRm1hcHMlMkZlbWJlZCUzRnBiJTNEJTIxMW0xOCUyMTFtMTIlMjExbTMlMjExZDMwMTkuNzQzMzI1NDk5OTE1JTIxMmQwLjUyMjkzOTgyNzkzNDcyOTMlMjEzZDQwLjgxMTYzMzgyNzg1NTY2JTIxMm0zJTIxMWYwJTIxMmYwJTIxM2YwJTIxM20yJTIxMWkxMDI0JTIxMmk3NjglMjE0ZjEzLjElMjEzbTMlMjExbTIlMjExczB4MCUyNTNBMHgzNzQzZTJjYTY3MzA4NDA2JTIxMnNQYWNvJTI2JTIzMzklM0JzJTJCUiUyNUMzJTI1QkFzdGljJTJCLSUyQkFscXVlemElMjE1ZTAlMjEzbTIlMjExc2NhJTIxMnNlcyUyMTR2MTQ4MDM3MzE2Mzc3MSUyMiUyMHdpZHRoJTNEJTIyMTAwJTI1JTIyJTIwaGVpZ2h0JTNEJTIyMjUwJTIyJTIwZnJhbWVib3JkZXIlM0QlMjIwJTIyJTIwc3R5bGUlM0QlMjJib3JkZXIlM0EwJTIyJTIwYWxsb3dmdWxsc2NyZWVuJTNFJTNDJTJGaWZyYW1lJTNF[\/vc_raw_html][\/vc_column_inner][\/vc_row_inner][vc_separator type=\u00bbtransparent\u00bb up=\u00bb17&#8243; down=\u00bb0&#8243;][\/vc_column][\/vc_row][vc_row css_animation=\u00bb\u00bb row_type=\u00bbrow\u00bb use_row_as_full_screen_section=\u00bbno\u00bb type=\u00bbgrid\u00bb angled_section=\u00bbno\u00bb text_align=\u00bbleft\u00bb background_image_as_pattern=\u00bbwithout_pattern\u00bb css=\u00bb.vc_custom_1574842085616{background-color: #efeade !important;}\u00bb][vc_column][vc_separator type=\u00bbtransparent\u00bb up=\u00bb30&#8243; down=\u00bb0&#8243;][vc_column_text]<\/p>\n<h2 style=\"text-align: center;\">TASCA PACO\u2019S<\/h2>\n<p>[\/vc_column_text][vc_separator type=\u00bbtransparent\u00bb up=\u00bb9&#8243; down=\u00bb0&#8243;][vc_column_text]<\/p>\n<h4 style=\"text-align: center;\">Tasca, desayunos, tapas, jamoner\u00eda y charcuter\u00eda<\/h4>\n<p>[\/vc_column_text][vc_separator type=\u00bbtransparent\u00bb up=\u00bb17&#8243; down=\u00bb0&#8243;][\/vc_column][\/vc_row][vc_row css_animation=\u00bb\u00bb row_type=\u00bbrow\u00bb use_row_as_full_screen_section=\u00bbno\u00bb type=\u00bbfull_width\u00bb angled_section=\u00bbno\u00bb text_align=\u00bbleft\u00bb background_image_as_pattern=\u00bbwithout_pattern\u00bb][vc_column][vc_gallery interval=\u00bb0&#8243; images=\u00bb1843,1735&#8243; img_size=\u00bbfull\u00bb css_animation=\u00bbfadeIn\u00bb direction_nav=\u00bbyes\u00bb control_nav=\u00bbno\u00bb][\/vc_column][\/vc_row][vc_row css_animation=\u00bb\u00bb row_type=\u00bbrow\u00bb use_row_as_full_screen_section=\u00bbno\u00bb type=\u00bbgrid\u00bb angled_section=\u00bbno\u00bb text_align=\u00bbleft\u00bb background_image_as_pattern=\u00bbwithout_pattern\u00bb][vc_column][vc_separator type=\u00bbtransparent\u00bb up=\u00bb20&#8243; down=\u00bb0&#8243;][vc_row_inner row_type=\u00bbrow\u00bb type=\u00bbfull_width\u00bb text_align=\u00bbleft\u00bb css_animation=\u00bb\u00bb][vc_column_inner width=\u00bb1\/3&#8243;][vc_separator type=\u00bbtransparent\u00bb up=\u00bb17&#8243; down=\u00bb0&#8243;]<div class=\"q_icon_list\"><i class=\"qode_icon_font_awesome fa fa-home qode-ili-icon-holder circle\" style=\"background-color: #20110c;\" ><\/i><p style=\"margin-bottom: 20px;\">Mercat Central, P. 11 i 12 \u2013 Tortosa Centre<\/p><\/div>[vc_separator type=\u00bbtransparent\u00bb up=\u00bb17&#8243; down=\u00bb0&#8243;]<div class=\"q_icon_list\"><i class=\"qode_icon_font_awesome fa fa-clock-o qode-ili-icon-holder circle\" style=\"background-color: #20110c;\" ><\/i><p style=\"margin-bottom: 20px;\">De lunes a s\u00e1bados de 7:00 a 14:00<\/p><\/div>[vc_separator type=\u00bbtransparent\u00bb up=\u00bb17&#8243; down=\u00bb0&#8243;]<div class=\"q_icon_list\"><i class=\"qode_icon_font_awesome fa fa-mobile qode-ili-icon-holder circle\" style=\"background-color: #20110c;\" ><\/i><p style=\"margin-bottom: 20px;\">977 510 190<\/p><\/div>[\/vc_column_inner][vc_column_inner width=\u00bb2\/3&#8243;][vc_raw_html]JTNDaWZyYW1lJTIwc3JjJTNEJTIyaHR0cHMlM0ElMkYlMkZ3d3cuZ29vZ2xlLmNvbSUyRm1hcHMlMkZlbWJlZCUzRnBiJTNEJTIxMW0xOCUyMTFtMTIlMjExbTMlMjExZDMwMTkuNzcwNTcyODEwNzEzNSUyMTJkMC41MTc3OTk1MTU2NjEzMTI4JTIxM2Q0MC44MTEwMzUxMzk0ODcxMiUyMTJtMyUyMTFmMCUyMTJmMCUyMTNmMCUyMTNtMiUyMTFpMTAyNCUyMTJpNzY4JTIxNGYxMy4xJTIxM20zJTIxMW0yJTIxMXMweDEyYTBlNTg2MGMzMjhjMDElMjUzQTB4YmVkMjA0YzBmMmYzZTMxZiUyMTJzUGFjbyUyNiUyMzM5JTNCcyUyNTIwQWxxdWV6YSUyNTIwVGFzY2ElMjE1ZTAlMjEzbTIlMjExc2NhJTIxMnNlcyUyMTR2MTU3NDg0MjE5MDA5NiUyMTVtMiUyMTFzY2ElMjEyc2VzJTIyJTIwJTIwd2lkdGglM0QlMjIxMDAlMjUlMjIlMjBoZWlnaHQlM0QlMjIyNTAlMjIlMjBmcmFtZWJvcmRlciUzRCUyMjAlMjIlMjBzdHlsZSUzRCUyMmJvcmRlciUzQTAlMjIlMjBhbGxvd2Z1bGxzY3JlZW4lM0UlM0MlMkZpZnJhbWUlM0U=[\/vc_raw_html][\/vc_column_inner][\/vc_row_inner][vc_separator type=\u00bbtransparent\u00bb up=\u00bb17&#8243; down=\u00bb0&#8243;][\/vc_column][\/vc_row][vc_row css_animation=\u00bb\u00bb row_type=\u00bbrow\u00bb use_row_as_full_screen_section=\u00bbno\u00bb type=\u00bbgrid\u00bb angled_section=\u00bbno\u00bb text_align=\u00bbleft\u00bb background_image_as_pattern=\u00bbwithout_pattern\u00bb css=\u00bb.vc_custom_1484528660263{background-color: #efeade !important;}\u00bb][vc_column][vc_separator type=\u00bbtransparent\u00bb up=\u00bb20&#8243; down=\u00bb0&#8243;][vc_column_text]<\/p>\n<h2 style=\"text-align: center;\">Paco&#8217;s<\/h2>\n<p>[\/vc_column_text][vc_separator type=\u00bbtransparent\u00bb up=\u00bb9&#8243; down=\u00bb0&#8243;][vc_column_text]<\/p>\n<h4 style=\"text-align: center;\">Panader\u00eda artesanal y pasteler\u00eda<\/h4>\n<p>[\/vc_column_text][vc_separator type=\u00bbtransparent\u00bb up=\u00bb17&#8243; down=\u00bb0&#8243;][\/vc_column][\/vc_row][vc_row css_animation=\u00bb\u00bb row_type=\u00bbrow\u00bb use_row_as_full_screen_section=\u00bbno\u00bb type=\u00bbfull_width\u00bb angled_section=\u00bbno\u00bb text_align=\u00bbleft\u00bb background_image_as_pattern=\u00bbwithout_pattern\u00bb][vc_column][vc_gallery interval=\u00bb0&#8243; images=\u00bb1844,984,986&#8243; img_size=\u00bbfull\u00bb css_animation=\u00bbfadeIn\u00bb direction_nav=\u00bbyes\u00bb control_nav=\u00bbno\u00bb][\/vc_column][\/vc_row][vc_row css_animation=\u00bb\u00bb row_type=\u00bbrow\u00bb use_row_as_full_screen_section=\u00bbno\u00bb type=\u00bbgrid\u00bb angled_section=\u00bbno\u00bb text_align=\u00bbleft\u00bb background_image_as_pattern=\u00bbwithout_pattern\u00bb css=\u00bb.vc_custom_1484528678636{background-color: #efeade !important;}\u00bb][vc_column][vc_separator type=\u00bbtransparent\u00bb up=\u00bb17&#8243; down=\u00bb0&#8243;][vc_row_inner row_type=\u00bbrow\u00bb type=\u00bbfull_width\u00bb text_align=\u00bbleft\u00bb css_animation=\u00bb\u00bb][vc_column_inner width=\u00bb1\/3&#8243;][vc_separator type=\u00bbtransparent\u00bb up=\u00bb17&#8243; down=\u00bb0&#8243;]<div class=\"q_icon_list\"><i class=\"qode_icon_font_awesome fa fa-home qode-ili-icon-holder circle\" style=\"background-color: #20110c;\" ><\/i><p style=\"margin-bottom: 20px;\">Mercat Central, P. 11 i 12 \u2013 Tortosa Centre<\/p><\/div>[vc_separator type=\u00bbtransparent\u00bb up=\u00bb17&#8243; down=\u00bb0&#8243;]<div class=\"q_icon_list\"><i class=\"qode_icon_font_awesome fa fa-clock-o qode-ili-icon-holder circle\" style=\"background-color: #20110c;\" ><\/i><p style=\"margin-bottom: 20px;\">De lunes a s\u00e1bado de 7:00 a 14:00<\/p><\/div>[vc_separator type=\u00bbtransparent\u00bb up=\u00bb17&#8243; down=\u00bb0&#8243;]<div class=\"q_icon_list\"><i class=\"qode_icon_font_awesome fa fa-mobile qode-ili-icon-holder circle\" style=\"background-color: #20110c;\" ><\/i><p style=\"margin-bottom: 20px;\">977 510 190<\/p><\/div>[\/vc_column_inner][vc_column_inner width=\u00bb2\/3&#8243;][vc_raw_html]JTNDaWZyYW1lJTIwc3JjJTNEJTIyaHR0cHMlM0ElMkYlMkZ3d3cuZ29vZ2xlLmNvbSUyRm1hcHMlMkZlbWJlZCUzRnBiJTNEJTIxMW0xOCUyMTFtMTIlMjExbTMlMjExZDMwMTkuNzYwNjk1MjAzMzQ1NyUyMTJkMC41MjE4MjQwMjg5ODQ1MzM4JTIxM2Q0MC44MTEyNTIxNzQ5MDM1NiUyMTJtMyUyMTFmMCUyMTJmMCUyMTNmMCUyMTNtMiUyMTFpMTAyNCUyMTJpNzY4JTIxNGYxMy4xJTIxM20zJTIxMW0yJTIxMXMweDEyYTBlNGEzZjQ4NTE3YWYlMjUzQTB4ODRkNzRhYjBkMWE4ZjA5NSUyMTJzUGFuYWRlcmlhJTJCQWxxdWV6YSUyQlBBQ08lMjYlMjMzOSUzQlMlMkJNZXJjYXQlMjE1ZTAlMjEzbTIlMjExc2NhJTIxMnNlcyUyMTR2MTQ4MDM3MzM2MjUxNCUyMiUyMHdpZHRoJTNEJTIyMTAwJTI1JTIyJTIwaGVpZ2h0JTNEJTIyMjUwJTIyJTIwZnJhbWVib3JkZXIlM0QlMjIwJTIyJTIwc3R5bGUlM0QlMjJib3JkZXIlM0EwJTIyJTIwYWxsb3dmdWxsc2NyZWVuJTNFJTNDJTJGaWZyYW1lJTNF[\/vc_raw_html][\/vc_column_inner][\/vc_row_inner][\/vc_column][\/vc_row]<\/p>\n<\/div>","protected":false},"excerpt":{"rendered":"<p>[vc_row css_animation=\u00bb\u00bb row_type=\u00bbrow\u00bb use_row_as_full_screen_section=\u00bbno\u00bb type=\u00bbgrid\u00bb angled_section=\u00bbno\u00bb text_align=\u00bbleft\u00bb background_image_as_pattern=\u00bbwithout_pattern\u00bb background_color=\u00bb#ffffff\u00bb padding_bottom=\u00bb30&#8243; css=\u00bb.vc_custom_1484528619851{background-color: #efeade !important;}\u00bb][vc_column][vc_empty_space][vc_column_text css=\u00bb.vc_custom_1481188292250{margin-right: 100px !important;margin-left: 100px !important;}\u00bb] Encontrar\u00e9is la mayor\u00eda de nuestros productos en todos los establecimientos. Pod\u00e9is realizar encargos y recogerlos donde os sea m\u00e1s conveniente. [\/vc_column_text][vc_empty_space height=\u00bb20px\u00bb][vc_column_text css=\u00bb.vc_custom_1484528605553{margin-right: 100px !important;margin-left: 100px !important;}\u00bb]&#8230;<\/p>\n","protected":false},"author":1,"featured_media":0,"parent":0,"menu_order":0,"comment_status":"closed","ping_status":"closed","template":"full_width.php","meta":{"footnotes":""},"class_list":["post-1241","page","type-page","status-publish","hentry"],"_links":{"self":[{"href":"https:\/\/www.panaderiaalqueza.com\/es\/wp-json\/wp\/v2\/pages\/1241","targetHints":{"allow":["GET"]}}],"collection":[{"href":"https:\/\/www.panaderiaalqueza.com\/es\/wp-json\/wp\/v2\/pages"}],"about":[{"href":"https:\/\/www.panaderiaalqueza.com\/es\/wp-json\/wp\/v2\/types\/page"}],"author":[{"embeddable":true,"href":"https:\/\/www.panaderiaalqueza.com\/es\/wp-json\/wp\/v2\/users\/1"}],"replies":[{"embeddable":true,"href":"https:\/\/www.panaderiaalqueza.com\/es\/wp-json\/wp\/v2\/comments?post=1241"}],"version-history":[{"count":26,"href":"https:\/\/www.panaderiaalqueza.com\/es\/wp-json\/wp\/v2\/pages\/1241\/revisions"}],"predecessor-version":[{"id":2089,"href":"https:\/\/www.panaderiaalqueza.com\/es\/wp-json\/wp\/v2\/pages\/1241\/revisions\/2089"}],"wp:attachment":[{"href":"https:\/\/www.panaderiaalqueza.com\/es\/wp-json\/wp\/v2\/media?parent=1241"}],"curies":[{"name":"wp","href":"https:\/\/api.w.org\/{rel}","templated":true}]}}