{"id":1233,"date":"2017-01-23T08:31:33","date_gmt":"2017-01-23T08:31:33","guid":{"rendered":"http:\/\/www.panaderiaalqueza.com\/aviso-legal\/"},"modified":"2017-07-04T20:06:30","modified_gmt":"2017-07-04T20:06:30","slug":"aviso-legal","status":"publish","type":"page","link":"https:\/\/www.panaderiaalqueza.com\/es\/aviso-legal\/","title":{"rendered":"Av\u00edso legal"},"content":{"rendered":"<div class=\"wpb-content-wrapper\"><p>[vc_row css_animation=\u00bb\u00bb row_type=\u00bbrow\u00bb use_row_as_full_screen_section=\u00bbno\u00bb type=\u00bbfull_width\u00bb angled_section=\u00bbno\u00bb text_align=\u00bbleft\u00bb background_image_as_pattern=\u00bbwithout_pattern\u00bb][vc_column][vc_column_text]<\/p>\n<h1>Av\u00edso legal<\/h1>\n<p>[\/vc_column_text][vc_empty_space][vc_column_text]Informaci\u00f3n LSSICE<\/p>\n<p>PANADERIA ALQUEZA SL<br \/>\nB-43492818<br \/>\nInscrita en Registre Mercantil de Tarragona en el tomo 1272, folio 9, hoja numero T-14.302.<\/p>\n<p>Direcci\u00f3n: C\/ Enric D&#8217;Oss\u00f3, 25 43500 &#8211; Tortosa<br \/>\nTel\u00e9fono: +0034 977 442 359<br \/>\nEmail: info@panaderiaalqueza.com<\/p>\n<p>&nbsp;<\/p>\n<p><strong>Pol\u00edtica de privacidad de datos de car\u00e1cter personal.<\/strong><\/p>\n<p>PANADERIA ALQUEZA, S.L., se compromete a proteger la privacidad de sus clientes y de los usuarios que accedan a esta web. El uso de la web implica la aceptaci\u00f3n por el usuario de las disposiciones contenidas en la presente Pol\u00edtica de Privacidad y que sus datos personales sean tratados seg\u00fan se estipula en la misma.<\/p>\n<p>1. Derecho de informaci\u00f3n: En virtud de lo establecido en la Ley Org\u00e1nica 15\/1999 , de 13 de diciembre, sobre Protecci\u00f3n de Datos de Car\u00e1cter Personal, PANADERIA ALQUEZA, S.L., informa al usuario de este sitio web, de la existencia de un fichero de datos de car\u00e1cter personal creado por PANADERIA ALQUEZA, S.L., y bajo su responsabilidad.<\/p>\n<p>2. Finalidad: Los datos de los usuarios que se puedan recoger mediante nuestra p\u00e1gina web, ser\u00e1n recogidos con el fin de ofrecerle nuestros servicios y productos de alimentaci\u00f3n.<\/p>\n<p>3. Veracidad de los datos: El usuario garantiza que los datos personales facilitados son veraces y se hace responsable de comunicar cualquier modificaci\u00f3n de los mismos.<\/p>\n<p>4. Consentimiento del usuario: La recogida de datos personales, mediante mensajes de correo electr\u00f3nico y\/o nuestra web, supone el consentimiento expreso del usuario para su tratamiento con la finalidad antes descrita, as\u00ed como para el env\u00edo de comunicaciones v\u00eda SMS, correo electr\u00f3nico y\/o otros medios de comunicaci\u00f3n electr\u00f3nica con informaci\u00f3n acerca de nuestros servicios. El usuario en cualquier momento podr\u00e1 comunicarnos que no desea recibir comunicaciones comerciales mediante la direcci\u00f3n de correo electr\u00f3nico: info@panaderiaalqueza.com<\/p>\n<p>5. Cesiones: PANADERIA ALQUEZA, S.L., realizar\u00e1 cesiones de datos siempre que lo exija la legislaci\u00f3n vigente para atender sus obligaciones legales con las diferentes administraciones competentes.<\/p>\n<p>6. Derechos de acceso, rectificaci\u00f3n, oposici\u00f3n y cancelaci\u00f3n de los usuarios: El usuario podr\u00e1 ejercitar los derechos de acceso, rectificaci\u00f3n, cancelaci\u00f3n y oposici\u00f3n en los t\u00e9rminos previstos en la LOPD, y en su normativa de desarrollo, mediante escrito y copia del DNI dirigido a PANADERIA ALQUEZA, S.L., con domicilio en la direcci\u00f3n C\/ Enrique de Oss\u00f3, 25, 43500, Tortosa, o a la direcci\u00f3n de correo electr\u00f3nico info@panaderiaalqueza.com, indicando la referencia LOPD<\/p>\n<p>7. Medidas de seguridad: PANADERIA ALQUEZA, S.L., le informa que ha adoptado las medidas t\u00e9cnicas y organizativas necesarias para mantener el nivel de seguridad requerido en el tratamiento de los datos de car\u00e1cter personal de conformidad con el Real Decreto 1720\/2007, de 21 de diciembre y la LOPD, y tambi\u00e9n tiene los mecanismos necesarios para prevenir, en la medida de lo posible, el acceso no autorizado, robo, modificaciones il\u00edcitas y la p\u00e9rdida de datos.<\/p>\n<p>8. Confidencialidad: En cumplimiento de la normativa vigente, PANADERIA ALQUEZA, S.L., se compromete al cumplir con su deber de secreto respecto de los datos personales que el usuario facilite durante la navegaci\u00f3n a trav\u00e9s de la p\u00e1gina web.<\/p>\n<p>9. Cookies: PANADERIA ALQUEZA, S.L., utiliza la tecnolog\u00eda cookie cuando un usuario entra en el sitio web. Le informamos que el usuario tiene la opci\u00f3n de impedir la generaci\u00f3n de cookies, mediante la selecci\u00f3n de la correspondiente opci\u00f3n en su navegador. Por favor, visite nuestra\u00a0<a href=\"http:\/\/www.panaderiaalqueza.com\/es\/politica-de-cookies\/\">pol\u00edtica sobre cookies<\/a>.<\/p>\n<p>10. Actualizaci\u00f3n de la Pol\u00edtica de Privacidad: PANADERIA ALQUEZA, S.L., puede modificar y actualizar esta Pol\u00edtica de Privacidad en cualquier momento sin previo aviso. Compruebe siempre que est\u00e1 al corriente de nuestra Pol\u00edtica de Privacidad para estar informado en todo momento de la informaci\u00f3n que se recopila a trav\u00e9s de la web y de c\u00f3mo la utilizamos.<\/p>\n<p>&nbsp;<\/p>\n<p><strong>Copyright<\/strong><\/p>\n<p>Los contenidos de la p\u00e1gina web panaderiaalqueza.com son propiedad (Copyright \u00a9) de PANADERIA ALQUEZA SL<br \/>\nueda prohibida la reproducci\u00f3n, transferencia, distribuci\u00f3n o almacenamiento de los contenidos, ya sea en parte o \u00edntegramente, por cualquier medio, sin la autorizaci\u00f3n previa por escrito de PANADERIA ALQUEZA SL<\/p>\n<p>PANADERIA ALQUEZA se reserva el derecho de modificar en cualquier momento las presentes condiciones as\u00ed como tambi\u00e9n otras condiciones generales o particulares que resulten de aplicaci\u00f3n. Igualmente, nos reservamos el derecho a modificar en cualquier momento la presentaci\u00f3n, configuraci\u00f3n y localizaci\u00f3n del lugar web y de sus contenidos.[\/vc_column_text][vc_separator type=\u00bbnormal\u00bb][vc_empty_space][\/vc_column][\/vc_row]<\/p>\n<\/div>","protected":false},"excerpt":{"rendered":"<p>[vc_row css_animation=\u00bb\u00bb row_type=\u00bbrow\u00bb use_row_as_full_screen_section=\u00bbno\u00bb type=\u00bbfull_width\u00bb angled_section=\u00bbno\u00bb text_align=\u00bbleft\u00bb background_image_as_pattern=\u00bbwithout_pattern\u00bb][vc_column][vc_column_text] Av\u00edso legal [\/vc_column_text][vc_empty_space][vc_column_text]Informaci\u00f3n LSSICE PANADERIA ALQUEZA SL B-43492818 Inscrita en Registre Mercantil de Tarragona en el tomo 1272, folio 9, hoja numero T-14.302. Direcci\u00f3n: C\/ Enric D&#8217;Oss\u00f3, 25 43500 &#8211; Tortosa Tel\u00e9fono: +0034 977 442 359 Email:&#8230;<\/p>\n","protected":false},"author":1,"featured_media":0,"parent":0,"menu_order":0,"comment_status":"closed","ping_status":"closed","template":"","meta":{"footnotes":""},"class_list":["post-1233","page","type-page","status-publish","hentry"],"_links":{"self":[{"href":"https:\/\/www.panaderiaalqueza.com\/es\/wp-json\/wp\/v2\/pages\/1233","targetHints":{"allow":["GET"]}}],"collection":[{"href":"https:\/\/www.panaderiaalqueza.com\/es\/wp-json\/wp\/v2\/pages"}],"about":[{"href":"https:\/\/www.panaderiaalqueza.com\/es\/wp-json\/wp\/v2\/types\/page"}],"author":[{"embeddable":true,"href":"https:\/\/www.panaderiaalqueza.com\/es\/wp-json\/wp\/v2\/users\/1"}],"replies":[{"embeddable":true,"href":"https:\/\/www.panaderiaalqueza.com\/es\/wp-json\/wp\/v2\/comments?post=1233"}],"version-history":[{"count":7,"href":"https:\/\/www.panaderiaalqueza.com\/es\/wp-json\/wp\/v2\/pages\/1233\/revisions"}],"predecessor-version":[{"id":1713,"href":"https:\/\/www.panaderiaalqueza.com\/es\/wp-json\/wp\/v2\/pages\/1233\/revisions\/1713"}],"wp:attachment":[{"href":"https:\/\/www.panaderiaalqueza.com\/es\/wp-json\/wp\/v2\/media?parent=1233"}],"curies":[{"name":"wp","href":"https:\/\/api.w.org\/{rel}","templated":true}]}}